{"id":1641,"date":"2025-08-06T09:55:46","date_gmt":"2025-08-06T13:55:46","guid":{"rendered":"https:\/\/gadcruzpamba.gob.ec\/?page_id=1641"},"modified":"2025-08-08T11:56:43","modified_gmt":"2025-08-08T15:56:43","slug":"obras-y-proyectos","status":"publish","type":"page","link":"https:\/\/gadcruzpamba.gob.ec\/?page_id=1641","title":{"rendered":"Obras y Proyectos"},"content":{"rendered":"<p>[vc_row][vc_column][vc_accordion collapsible=\u00bb\u00bb disable_keyboard=\u00bb\u00bb][vc_accordion_tab title=\u00bbObras y Proyectos\u00bb][vc_wp_text][\/vc_wp_text][\/vc_accordion_tab][vc_accordion_tab title=\u00bb2025&#8243;][vc_wp_text]<\/p>\n<p>&nbsp;<\/p>\n<p>&nbsp;<\/p>\n<p>[\/vc_wp_text][\/vc_accordion_tab][vc_accordion_tab title=\u00bb2024&#8243;][vc_wp_text]<\/p>\n<p><strong>CONSULTOR\u00cdA PARA LA ACTUALIZACI\u00d3N DEL PLAN DE DESARROLLO Y ORDENAMIENTO TERRITORIAL 2023-2027,DEL GOBIERNO AUT\u00d3NOMO DESCENTRALIZADO PARROQUIAL RURAL DE CRUZPAMBA, CANT\u00d3N CELICA, PROVINCIA DE LOJA CODIGO: CDC-GADPRCRUZ-2024-003<\/strong><\/p>\n<p><img loading=\"lazy\" decoding=\"async\" class=\"aligncenter wp-image-1660 size-medium\" src=\"https:\/\/gadcruzpamba.gob.ec\/wp-content\/uploads\/2025\/08\/WhatsApp-Image-2025-08-06-at-12.24.50-550x248.jpeg\" alt=\"\" width=\"550\" height=\"248\" srcset=\"https:\/\/gadcruzpamba.gob.ec\/wp-content\/uploads\/2025\/08\/WhatsApp-Image-2025-08-06-at-12.24.50-550x248.jpeg 550w, https:\/\/gadcruzpamba.gob.ec\/wp-content\/uploads\/2025\/08\/WhatsApp-Image-2025-08-06-at-12.24.50-1024x461.jpeg 1024w, https:\/\/gadcruzpamba.gob.ec\/wp-content\/uploads\/2025\/08\/WhatsApp-Image-2025-08-06-at-12.24.50-768x346.jpeg 768w, https:\/\/gadcruzpamba.gob.ec\/wp-content\/uploads\/2025\/08\/WhatsApp-Image-2025-08-06-at-12.24.50-1536x692.jpeg 1536w, https:\/\/gadcruzpamba.gob.ec\/wp-content\/uploads\/2025\/08\/WhatsApp-Image-2025-08-06-at-12.24.50.jpeg 1600w\" sizes=\"auto, (max-width: 550px) 100vw, 550px\" \/><a href=\"https:\/\/gadcruzpamba.gob.ec\/wp-content\/uploads\/2025\/08\/ACTA-UNICA-RECEPCION-PDOT-CRUZPAMBA-2023-2027-signed-signed-signed.pdf\">ACTA \u00daNICA RECEPCI\u00d3N PDOT CRUZPAMBA 2023-2027-signed-signed-signed<\/a><\/p>\n<p><a href=\"https:\/\/gadcruzpamba.gob.ec\/wp-content\/uploads\/2025\/08\/Informe-de-idoneidad-PDOT-GAD-CRUZPAMBA-signed-signed-signed.pdf\">Informe de idoneidad PDOT GAD CRUZPAMBA-signed-signed-signed<\/a><\/p>\n<p><a href=\"https:\/\/gadcruzpamba.gob.ec\/wp-content\/uploads\/2025\/08\/RESOLUCIONDEADJUDICACION-signed.pdf\">RESOLUCIONDEADJUDICACION-signed<\/a><\/p>\n<p><a href=\"https:\/\/gadcruzpamba.gob.ec\/wp-content\/uploads\/2025\/08\/TDRPDOTCRUZPAMBAJUL2024-signed-signed.pdf\">TDRPDOTCRUZPAMBAJUL2024-signed-signed<\/a><\/p>\n<p><a href=\"https:\/\/gadcruzpamba.gob.ec\/wp-content\/uploads\/2025\/08\/CONTRATO-CONSULTORIA-signed-signedok.pdf\">CONTRATO CONSULTORIA-signed-signedok<\/a><\/p>\n<p>&nbsp;<\/p>\n<p><strong>MEJORAMIENTO DE LAS \u00c1REAS VERDES EN LA PARROQUIA CRUZPAMBA, CANT\u00d3N CELICA, PROVINCIA DE LOJA. A TRAVES DE LA IMPLEMENTACION DE LAS LETRAS CORPOREAS \u00abCRUZPAMBA\u00bb CODIGO SIE-GADPRCRUZ-2024-001<\/strong><\/p>\n<p><img loading=\"lazy\" decoding=\"async\" class=\"size-full wp-image-1682 aligncenter\" src=\"https:\/\/gadcruzpamba.gob.ec\/wp-content\/uploads\/2025\/08\/WhatsApp-Image-2025-08-06-at-16.37.01.jpeg\" alt=\"\" width=\"629\" height=\"488\" srcset=\"https:\/\/gadcruzpamba.gob.ec\/wp-content\/uploads\/2025\/08\/WhatsApp-Image-2025-08-06-at-16.37.01.jpeg 629w, https:\/\/gadcruzpamba.gob.ec\/wp-content\/uploads\/2025\/08\/WhatsApp-Image-2025-08-06-at-16.37.01-550x427.jpeg 550w\" sizes=\"auto, (max-width: 629px) 100vw, 629px\" \/><\/p>\n<p><a href=\"https:\/\/gadcruzpamba.gob.ec\/wp-content\/uploads\/2025\/08\/INFORMEDERECOMENDACION-signed.pdf\">INFORMEDERECOMENDACION-signed<\/a><\/p>\n<p><a href=\"https:\/\/gadcruzpamba.gob.ec\/wp-content\/uploads\/2025\/08\/ACTA-CONSDECALA-CRUZPAMBA-signed-signed.pdf\">ACTA CONSDECALA CRUZPAMBA-signed-signed<\/a><\/p>\n<p><a href=\"https:\/\/gadcruzpamba.gob.ec\/wp-content\/uploads\/2025\/08\/DETERMINACIONDELANECESIDADDELACONTRATACIONDEMATERIALESDECONSTRUCCION-signed-signed.pdf\">DETERMINACIONDELANECESIDADDELACONTRATACIONDEMATERIALESDECONSTRUCCION-signed-signed<\/a><\/p>\n<p><a href=\"https:\/\/gadcruzpamba.gob.ec\/wp-content\/uploads\/2025\/08\/PLIEGOUSHUAY-signed.pdf\">PLIEGOUSHUAY-signed<\/a><\/p>\n<p>\u201cFABRICACI\u00d3N, INSTALACI\u00d3N DE LETRAS CORP\u00d3REAS \u201cCRUZPAMBA\u201d Y SISTEMA EL\u00c9CTRICO DE ILUMINACI\u00d3N DEL AREA VERDE EN EL CENTRO URBANO DE LA PARROQUIA CRUZPAMBA DEL CANT\u00d3N CELICA PROVINCIA DE LOJA<\/p>\n<p><a href=\"https:\/\/gadcruzpamba.gob.ec\/wp-content\/uploads\/2025\/08\/ORDENDECOMPRA-signed-signed.pdf\">ORDENDECOMPRA-signed-signed<\/a><\/p>\n<p><a href=\"https:\/\/gadcruzpamba.gob.ec\/wp-content\/uploads\/2025\/08\/TDRSCONTRATACIONLETRASCRUZPAMBA-signed-signed.pdf\">TDRSCONTRATACIONLETRASCRUZPAMBA-signed-signed<\/a><\/p>\n<p><a href=\"https:\/\/gadcruzpamba.gob.ec\/wp-content\/uploads\/2025\/08\/ACTA_DE_ENTREGA-RECEPCION-GADP_CRUZPAMBA-signed-signed.pdf\">ACTA_DE_ENTREGA RECEPCION GADP_CRUZPAMBA-signed-signed<\/a><\/p>\n<p><strong>ADECENTAMIENTO DE PARQUES, ESPACIOS PUBLICOS Y REDUCTORES DE VELOCIDAD DEL CENTRO URBANO DE LA PARROQUIA CRUZPAMBA PROCESO: NIC-1160023530001-2024-00025<\/strong><\/p>\n\n\t\t\t<style type='text\/css'>\n\t\t\t\t#gallery-1 {\n\t\t\t\t\tmargin: auto;\n\t\t\t\t}\n\t\t\t\t#gallery-1 .gallery-item {\n\t\t\t\t\tfloat: left;\n\t\t\t\t\tmargin-top: 10px;\n\t\t\t\t\ttext-align: center;\n\t\t\t\t\twidth: 50%;\n\t\t\t\t}\n\t\t\t\t#gallery-1 img {\n\t\t\t\t\tborder: 2px solid #cfcfcf;\n\t\t\t\t}\n\t\t\t\t#gallery-1 .gallery-caption {\n\t\t\t\t\tmargin-left: 0;\n\t\t\t\t}\n\t\t\t\t\/* see gallery_shortcode() in wp-includes\/media.php *\/\n\t\t\t<\/style>\n\t\t<div id='gallery-1' class='dt-gallery-container gallery galleryid-1641 gallery-columns-2 gallery-size-medium'><dl class='gallery-item'>\n\t\t\t\t<dt class='gallery-icon landscape'>\n\t\t\t\t\t<a class=\"rollover\" href='https:\/\/gadcruzpamba.gob.ec\/?attachment_id=1683'><img loading=\"lazy\" decoding=\"async\" width=\"550\" height=\"396\" src=\"https:\/\/gadcruzpamba.gob.ec\/wp-content\/uploads\/2025\/08\/WhatsApp-Image-2025-08-06-at-16.40.10-550x396.jpeg\" class=\"attachment-medium size-medium\" alt=\"\" srcset=\"https:\/\/gadcruzpamba.gob.ec\/wp-content\/uploads\/2025\/08\/WhatsApp-Image-2025-08-06-at-16.40.10-550x396.jpeg 550w, https:\/\/gadcruzpamba.gob.ec\/wp-content\/uploads\/2025\/08\/WhatsApp-Image-2025-08-06-at-16.40.10.jpeg 623w\" sizes=\"auto, (max-width: 550px) 100vw, 550px\" \/><\/a>\n\t\t\t\t<\/dt><\/dl><dl class='gallery-item'>\n\t\t\t\t<dt class='gallery-icon portrait'>\n\t\t\t\t\t<a class=\"rollover\" href='https:\/\/gadcruzpamba.gob.ec\/?attachment_id=1684'><img loading=\"lazy\" decoding=\"async\" width=\"390\" height=\"435\" src=\"https:\/\/gadcruzpamba.gob.ec\/wp-content\/uploads\/2025\/08\/WhatsApp-Image-2025-08-06-at-16.40.22.jpeg\" class=\"attachment-medium size-medium\" alt=\"\" \/><\/a>\n\t\t\t\t<\/dt><\/dl><br style=\"clear: both\" \/>\n\t\t\t<\/div>\n\n<p><a href=\"https:\/\/gadcruzpamba.gob.ec\/wp-content\/uploads\/2025\/08\/9.-ACTA-DE-ENTREGA-RECEPCION-signed-signed-signed.pdf\">9.- ACTA DE ENTREGA RECEPCI\u00d3N-signed-signed-signed<\/a><\/p>\n<p><a href=\"https:\/\/gadcruzpamba.gob.ec\/wp-content\/uploads\/2025\/08\/ORDENDECOMPRAMATERIALESDECONSTRUCCION-signed-signed.pdf\">ORDENDECOMPRAMATERIALESDECONSTRUCCION-signed-signed<\/a><\/p>\n<p><strong>Dotaci\u00f3n kits de ayudas humanitarias como parte del apoyo humanitario destinado a los adultos mayores, personas con discapacidad y sectores en condici\u00f3n de pobreza extrema en la parroquia Cruzpamba. CODIGO : NIC-1160023530001-2024-00033<\/strong><\/p>\n\n\t\t\t<style type='text\/css'>\n\t\t\t\t#gallery-2 {\n\t\t\t\t\tmargin: auto;\n\t\t\t\t}\n\t\t\t\t#gallery-2 .gallery-item {\n\t\t\t\t\tfloat: left;\n\t\t\t\t\tmargin-top: 10px;\n\t\t\t\t\ttext-align: center;\n\t\t\t\t\twidth: 50%;\n\t\t\t\t}\n\t\t\t\t#gallery-2 img {\n\t\t\t\t\tborder: 2px solid #cfcfcf;\n\t\t\t\t}\n\t\t\t\t#gallery-2 .gallery-caption {\n\t\t\t\t\tmargin-left: 0;\n\t\t\t\t}\n\t\t\t\t\/* see gallery_shortcode() in wp-includes\/media.php *\/\n\t\t\t<\/style>\n\t\t<div id='gallery-2' class='dt-gallery-container gallery galleryid-1641 gallery-columns-2 gallery-size-medium'><dl class='gallery-item'>\n\t\t\t\t<dt class='gallery-icon landscape'>\n\t\t\t\t\t<a class=\"rollover\" href='https:\/\/gadcruzpamba.gob.ec\/?attachment_id=1687'><img loading=\"lazy\" decoding=\"async\" width=\"550\" height=\"533\" src=\"https:\/\/gadcruzpamba.gob.ec\/wp-content\/uploads\/2025\/08\/WhatsApp-Image-2025-08-06-at-16.47.59-550x533.jpeg\" class=\"attachment-medium size-medium\" alt=\"\" srcset=\"https:\/\/gadcruzpamba.gob.ec\/wp-content\/uploads\/2025\/08\/WhatsApp-Image-2025-08-06-at-16.47.59-550x533.jpeg 550w, https:\/\/gadcruzpamba.gob.ec\/wp-content\/uploads\/2025\/08\/WhatsApp-Image-2025-08-06-at-16.47.59.jpeg 615w\" sizes=\"auto, (max-width: 550px) 100vw, 550px\" \/><\/a>\n\t\t\t\t<\/dt><\/dl><dl class='gallery-item'>\n\t\t\t\t<dt class='gallery-icon portrait'>\n\t\t\t\t\t<a class=\"rollover\" href='https:\/\/gadcruzpamba.gob.ec\/?attachment_id=1688'><img loading=\"lazy\" decoding=\"async\" width=\"430\" height=\"610\" src=\"https:\/\/gadcruzpamba.gob.ec\/wp-content\/uploads\/2025\/08\/WhatsApp-Image-2025-08-06-at-16.48.12.jpeg\" class=\"attachment-medium size-medium\" alt=\"\" \/><\/a>\n\t\t\t\t<\/dt><\/dl><br style=\"clear: both\" \/>\n\t\t\t<\/div>\n\n<p><a href=\"https:\/\/gadcruzpamba.gob.ec\/wp-content\/uploads\/2025\/08\/ORDEN-DE-COMPRA.pdf\">ORDEN DE COMPRA<\/a><\/p>\n<p>[\/vc_wp_text][\/vc_accordion_tab][vc_accordion_tab title=\u00bb2023&#8243;][vc_wp_text]<\/p>\n<p>&nbsp;<\/p>\n<p>[\/vc_wp_text][\/vc_accordion_tab][\/vc_accordion][vc_column_text][\/vc_column_text][\/vc_column][\/vc_row]<\/p>\n","protected":false},"excerpt":{"rendered":"<p>[vc_row][vc_column][vc_accordion collapsible=\u00bb\u00bb disable_keyboard=\u00bb\u00bb][vc_accordion_tab title=\u00bbObras y Proyectos\u00bb][vc_wp_text][\/vc_wp_text][\/vc_accordion_tab][vc_accordion_tab title=\u00bb2025&#8243;][vc_wp_text] &nbsp; &nbsp; [\/vc_wp_text][\/vc_accordion_tab][vc_accordion_tab title=\u00bb2024&#8243;][vc_wp_text] CONSULTOR\u00cdA PARA LA ACTUALIZACI\u00d3N DEL PLAN DE DESARROLLO Y ORDENAMIENTO TERRITORIAL 2023-2027,DEL GOBIERNO AUT\u00d3NOMO DESCENTRALIZADO PARROQUIAL RURAL DE CRUZPAMBA, CANT\u00d3N CELICA, PROVINCIA DE LOJA CODIGO: CDC-GADPRCRUZ-2024-003 ACTA \u00daNICA RECEPCI\u00d3N PDOT CRUZPAMBA 2023-2027-signed-signed-signed Informe de idoneidad PDOT GAD CRUZPAMBA-signed-signed-signed RESOLUCIONDEADJUDICACION-signed TDRPDOTCRUZPAMBAJUL2024-signed-signed CONTRATO CONSULTORIA-signed-signedok &nbsp; MEJORAMIENTO&hellip;<\/p>\n","protected":false},"author":6,"featured_media":0,"parent":0,"menu_order":0,"comment_status":"closed","ping_status":"closed","template":"","meta":{"_joinchat":[]},"class_list":["post-1641","page","type-page","status-publish","hentry","description-off"],"_links":{"self":[{"href":"https:\/\/gadcruzpamba.gob.ec\/index.php?rest_route=\/wp\/v2\/pages\/1641","targetHints":{"allow":["GET"]}}],"collection":[{"href":"https:\/\/gadcruzpamba.gob.ec\/index.php?rest_route=\/wp\/v2\/pages"}],"about":[{"href":"https:\/\/gadcruzpamba.gob.ec\/index.php?rest_route=\/wp\/v2\/types\/page"}],"author":[{"embeddable":true,"href":"https:\/\/gadcruzpamba.gob.ec\/index.php?rest_route=\/wp\/v2\/users\/6"}],"replies":[{"embeddable":true,"href":"https:\/\/gadcruzpamba.gob.ec\/index.php?rest_route=%2Fwp%2Fv2%2Fcomments&post=1641"}],"version-history":[{"count":5,"href":"https:\/\/gadcruzpamba.gob.ec\/index.php?rest_route=\/wp\/v2\/pages\/1641\/revisions"}],"predecessor-version":[{"id":1690,"href":"https:\/\/gadcruzpamba.gob.ec\/index.php?rest_route=\/wp\/v2\/pages\/1641\/revisions\/1690"}],"wp:attachment":[{"href":"https:\/\/gadcruzpamba.gob.ec\/index.php?rest_route=%2Fwp%2Fv2%2Fmedia&parent=1641"}],"curies":[{"name":"wp","href":"https:\/\/api.w.org\/{rel}","templated":true}]}}