{"id":1531,"date":"2025-02-17T23:51:09","date_gmt":"2025-02-18T03:51:09","guid":{"rendered":"https:\/\/gadcruzpamba.gob.ec\/?page_id=1531"},"modified":"2025-02-17T23:51:09","modified_gmt":"2025-02-18T03:51:09","slug":"servicios","status":"publish","type":"page","link":"https:\/\/gadcruzpamba.gob.ec\/?page_id=1531","title":{"rendered":"Servicios"},"content":{"rendered":"<p style=\"text-align: justify;\"><strong>Salud<\/strong><\/p>\n<p style=\"text-align: justify;\">El Gobierno Nacional como pol\u00edtica de Estado ha establecido la organizaci\u00f3n geogr\u00e1fica de la red p\u00fablica de servicios de salud en zonas, distritos y circuitos para promover la desconcentraci\u00f3n del Estado. Se mantienen las direcciones provinciales de salud que son las representes de la autoridad sanitaria nacional en la provincia, implementan la pol\u00edtica, planifican, coordinan y controlan el cumplimiento de todas las acciones de salud en las zonas, distritos y circuitos, tal como se muestra en la tabla 24.<\/p>\n<p style=\"text-align: justify;\"><img loading=\"lazy\" decoding=\"async\" class=\"aligncenter wp-image-2077 size-full\" src=\"..\/wp-content\/uploads\/2024\/03\/cruz-2.jpg\" sizes=\"auto, (max-width: 476px) 100vw, 476px\" srcset=\"https:\/\/gadcruzpamba.gob.ec\/wp-content\/uploads\/2024\/03\/cruz-2.jpg 476w, https:\/\/gadcruzpamba.gob.ec\/wp-content\/uploads\/2024\/03\/cruz-2-300x182.jpg 300w, https:\/\/gadcruzpamba.gob.ec\/wp-content\/uploads\/2024\/03\/cruz-2-350x212.jpg 350w\" alt=\"\" width=\"476\" height=\"288\" \/><\/p>\n<p style=\"text-align: justify;\">El Ministerio de Salud P\u00fablica como autoridad sanitaria nacional y con el objetivo de conformar la red p\u00fablica integral de salud y la red complementaria, homologa la tipolog\u00eda de los establecimientos de salud por niveles de atenci\u00f3n del Sistema Nacional de Salud que rige para todo el sector salud del pa\u00eds.<\/p>\n<p style=\"text-align: justify;\"><strong>N\u00famero y Distribuciones de Equipamiento de Salud<\/strong>\u00a0El Ministerio de Salud P\u00fablica como autoridad sanitaria nacional y con el objetivo de conformar la Red P\u00fablica Integral de Salud y la Red Complementaria, homologa la tipolog\u00eda de los establecimientos de salud por niveles de atenci\u00f3n del Sistema Nacional de Salud que rige para todo el sector salud del pa\u00eds, ver tabla 25.<\/p>\n<p style=\"text-align: justify;\"><img loading=\"lazy\" decoding=\"async\" class=\"aligncenter wp-image-2078 size-full\" src=\"..\/wp-content\/uploads\/2024\/03\/cruz-3.jpg\" sizes=\"auto, (max-width: 645px) 100vw, 645px\" srcset=\"https:\/\/gadcruzpamba.gob.ec\/wp-content\/uploads\/2024\/03\/cruz-3.jpg 645w, https:\/\/gadcruzpamba.gob.ec\/wp-content\/uploads\/2024\/03\/cruz-3-300x102.jpg 300w, https:\/\/gadcruzpamba.gob.ec\/wp-content\/uploads\/2024\/03\/cruz-3-350x119.jpg 350w\" alt=\"\" width=\"645\" height=\"219\" \/><\/p>\n<p style=\"text-align: justify;\">Los establecimientos del Sistema Nacional de Salud se clasifican por Niveles de Atenci\u00f3n y seg\u00fan su Capacidad Resolutiva, conforme se detalla a continuaci\u00f3n: Primer Nivel de Atenci\u00f3n. \u2013\u00a0<strong>Los establecimientos de salud del Primer Nivel<\/strong>\u00a0de Atenci\u00f3n son los m\u00e1s cercanos a la poblaci\u00f3n, facilitan y coordinan el flujo del usuario dentro del Sistema, prestan servicios de promoci\u00f3n de la salud, prevenci\u00f3n de enfermedades, recuperaci\u00f3n de la salud, rehabilitaci\u00f3n y cuidados paliativos. Adem\u00e1s, brindan atenci\u00f3n de urgencia y emergencia de acuerdo a su capacidad resolutiva, garantizan una referencia, derivaci\u00f3n, contrarreferencia y referencia inversa adecuada, aseguran la continuidad y longitudinalidad de la atenci\u00f3n. Promueven acciones de salud p\u00fablica de acuerdo a normas emitidas por la Autoridad Sanitaria Nacional. Son ambulatorios y resuelven problemas de salud de corta estancia. El Primer Nivel de Atenci\u00f3n es la puerta de entrada al Sistema Nacional de Salud.<\/p>\n<p style=\"text-align: justify;\"><img loading=\"lazy\" decoding=\"async\" class=\"aligncenter wp-image-2082 size-full\" src=\"..\/wp-content\/uploads\/2024\/03\/cruz-4.jpg\" sizes=\"auto, (max-width: 477px) 100vw, 477px\" srcset=\"https:\/\/gadcruzpamba.gob.ec\/wp-content\/uploads\/2024\/03\/cruz-4.jpg 477w, https:\/\/gadcruzpamba.gob.ec\/wp-content\/uploads\/2024\/03\/cruz-4-288x300.jpg 288w, https:\/\/gadcruzpamba.gob.ec\/wp-content\/uploads\/2024\/03\/cruz-4-251x262.jpg 251w, https:\/\/gadcruzpamba.gob.ec\/wp-content\/uploads\/2024\/03\/cruz-4-384x400.jpg 384w\" alt=\"\" width=\"477\" height=\"497\" \/><\/p>\n<p style=\"text-align: justify;\"><img loading=\"lazy\" decoding=\"async\" class=\"aligncenter wp-image-2083 size-full\" src=\"..\/wp-content\/uploads\/2024\/03\/cruz-5.jpg\" sizes=\"auto, (max-width: 648px) 100vw, 648px\" srcset=\"https:\/\/gadcruzpamba.gob.ec\/wp-content\/uploads\/2024\/03\/cruz-5.jpg 648w, https:\/\/gadcruzpamba.gob.ec\/wp-content\/uploads\/2024\/03\/cruz-5-300x114.jpg 300w, https:\/\/gadcruzpamba.gob.ec\/wp-content\/uploads\/2024\/03\/cruz-5-350x133.jpg 350w\" alt=\"\" width=\"648\" height=\"247\" \/><\/p>\n<p style=\"text-align: justify;\"><strong>Segundo Nivel de Atenci\u00f3n.<\/strong>\u00a0\u2013 El segundo nivel de atenci\u00f3n corresponde a los establecimientos que prestan servicios de atenci\u00f3n ambulatoria especializada y aquellas que requieran hospitalizaci\u00f3n. Constituye el escal\u00f3n de referencia inmediata del Primer Nivel de Atenci\u00f3n. En este Nivel se brindan otras modalidades de atenci\u00f3n, no basadas exclusivamente en la cama hospitalaria, tales como la cirug\u00eda ambulatoria y el centro cl\u00ednico quir\u00fargico ambulatorio (Hospital del D\u00eda).<\/p>\n<p style=\"text-align: justify;\"><strong>El tercer nivel<\/strong>\u00a0<strong>de atenci\u00f3n. \u2013<\/strong>\u00a0corresponde a los establecimientos que prestan servicios ambulatorios y hospitalarios de especialidad y especializados, son de referencia nacional, resuelven los problemas de salud de alta complejidad y pueden realizar, incluso, trasplantes. Tienen recursos de tecnolog\u00eda de punta y cuentan con especialidades y subespecialidades cl\u00ednico-quir\u00fargicas reconocidas por la ley.<\/p>\n<p style=\"text-align: justify;\"><strong>Cuarto Nivel de Atenci\u00f3n. \u2013<\/strong>\u00a0El cuarto nivel de atenci\u00f3n est\u00e1 conformado por aquellos establecimientos que prestan servicios especializados. Su finalidad es concentrar la experimentaci\u00f3n cl\u00ednica en salud, cuya evidencia no es suficiente para poder implementarla en la poblaci\u00f3n en general. Sus caracter\u00edsticas principales son: m\u00ednima cobertura y m\u00e1xima complejidad.<\/p>\n<p style=\"text-align: justify;\"><img loading=\"lazy\" decoding=\"async\" class=\"aligncenter wp-image-2088 size-full\" src=\"..\/wp-content\/uploads\/2024\/03\/cruz-6.jpg\" sizes=\"auto, (max-width: 641px) 100vw, 641px\" srcset=\"https:\/\/gadcruzpamba.gob.ec\/wp-content\/uploads\/2024\/03\/cruz-6.jpg 641w, https:\/\/gadcruzpamba.gob.ec\/wp-content\/uploads\/2024\/03\/cruz-6-300x107.jpg 300w, https:\/\/gadcruzpamba.gob.ec\/wp-content\/uploads\/2024\/03\/cruz-6-350x125.jpg 350w\" alt=\"\" width=\"641\" height=\"229\" \/><\/p>\n<p style=\"text-align: justify;\"><img loading=\"lazy\" decoding=\"async\" class=\"aligncenter wp-image-2089 size-full\" src=\"..\/wp-content\/uploads\/2024\/03\/cruz-7.jpg\" sizes=\"auto, (max-width: 640px) 100vw, 640px\" srcset=\"https:\/\/gadcruzpamba.gob.ec\/wp-content\/uploads\/2024\/03\/cruz-7.jpg 640w, https:\/\/gadcruzpamba.gob.ec\/wp-content\/uploads\/2024\/03\/cruz-7-300x129.jpg 300w, https:\/\/gadcruzpamba.gob.ec\/wp-content\/uploads\/2024\/03\/cruz-7-350x151.jpg 350w\" alt=\"\" width=\"640\" height=\"276\" \/><\/p>\n<p style=\"text-align: justify;\"><strong>Servicios de Apoyo, transversales a los Niveles de Atenci\u00f3n. \u2013<\/strong>\u00a0La atenci\u00f3n de salud m\u00f3vil es el servicio integrado de salud transversal a todos los niveles de atenci\u00f3n que tiene como principio la movilidad e itinerancia, mediante la cual se provee prestaciones de salud m\u00f3vil en situaciones de urgencias\/emergencias, transporte y atenci\u00f3n directa a usuarios\/pacientes.<\/p>\n<p style=\"text-align: justify;\"><img loading=\"lazy\" decoding=\"async\" class=\"aligncenter wp-image-2093 size-full\" src=\"..\/wp-content\/uploads\/2024\/03\/cruz-8.jpg\" sizes=\"auto, (max-width: 643px) 100vw, 643px\" srcset=\"https:\/\/gadcruzpamba.gob.ec\/wp-content\/uploads\/2024\/03\/cruz-8.jpg 643w, https:\/\/gadcruzpamba.gob.ec\/wp-content\/uploads\/2024\/03\/cruz-8-300x170.jpg 300w, https:\/\/gadcruzpamba.gob.ec\/wp-content\/uploads\/2024\/03\/cruz-8-350x198.jpg 350w\" alt=\"\" width=\"643\" height=\"364\" \/><\/p>\n<p style=\"text-align: justify;\"><strong>Educaci\u00f3n.<\/strong><\/p>\n<p style=\"text-align: justify;\">El nuevo modelo de gesti\u00f3n del Gobierno Ecuatoriano divide al territorio nacional en zonas, distritos y circuitos, para facilitar la obtenci\u00f3n de servicios educativos en lugares centrales y cercanos a la ciudadan\u00eda, brindando mayor eficiencia rapidez y cobertura, de tal manera que la parroquia Cruzpamba est\u00e1 conformada de la siguiente manera como se observa en la tabla 22. Las instituciones educativas se clasifican seg\u00fan la fuente principal de sostenimiento, por este criterio el ministerio de educaci\u00f3n las define como p\u00fablicas, fiscomisionales y particulares.<\/p>\n<p style=\"text-align: justify;\"><img loading=\"lazy\" decoding=\"async\" class=\"aligncenter wp-image-2094 size-full\" src=\"..\/wp-content\/uploads\/2024\/03\/cruz-9.jpg\" sizes=\"auto, (max-width: 647px) 100vw, 647px\" srcset=\"https:\/\/gadcruzpamba.gob.ec\/wp-content\/uploads\/2024\/03\/cruz-9.jpg 647w, https:\/\/gadcruzpamba.gob.ec\/wp-content\/uploads\/2024\/03\/cruz-9-300x92.jpg 300w, https:\/\/gadcruzpamba.gob.ec\/wp-content\/uploads\/2024\/03\/cruz-9-350x107.jpg 350w\" alt=\"\" width=\"647\" height=\"198\" \/><\/p>\n<p style=\"text-align: justify;\"><img loading=\"lazy\" decoding=\"async\" class=\"aligncenter wp-image-2098 size-full\" src=\"..\/wp-content\/uploads\/2024\/03\/cruz-10.jpg\" sizes=\"auto, (max-width: 649px) 100vw, 649px\" srcset=\"https:\/\/gadcruzpamba.gob.ec\/wp-content\/uploads\/2024\/03\/cruz-10.jpg 649w, https:\/\/gadcruzpamba.gob.ec\/wp-content\/uploads\/2024\/03\/cruz-10-300x130.jpg 300w, https:\/\/gadcruzpamba.gob.ec\/wp-content\/uploads\/2024\/03\/cruz-10-350x152.jpg 350w\" alt=\"\" width=\"649\" height=\"282\" \/><\/p>\n<p style=\"text-align: justify;\"><strong>Publicas:<\/strong>\u00a0Fiscales (financiadas por el estado) y Municipales (financiadas por los municipios)<\/p>\n<p style=\"text-align: justify;\"><strong>Fiscomisionales:<\/strong>\u00a0son aquellas cuyos promotores son congregaciones \u00f3rdenes o cualquiera otra denominaci\u00f3n confesional o laica; estas instituciones educativas son de car\u00e1cter religioso o laico, de derecho privado y sin fines de lucro que garantizan una educaci\u00f3n gratuita y de calidad.<\/p>\n<p style=\"text-align: justify;\"><img loading=\"lazy\" decoding=\"async\" class=\"aligncenter wp-image-2103 size-full\" src=\"..\/wp-content\/uploads\/2024\/03\/cruz-11.jpg\" sizes=\"auto, (max-width: 649px) 100vw, 649px\" srcset=\"https:\/\/gadcruzpamba.gob.ec\/wp-content\/uploads\/2024\/03\/cruz-11.jpg 649w, https:\/\/gadcruzpamba.gob.ec\/wp-content\/uploads\/2024\/03\/cruz-11-300x136.jpg 300w, https:\/\/gadcruzpamba.gob.ec\/wp-content\/uploads\/2024\/03\/cruz-11-350x159.jpg 350w\" alt=\"\" width=\"649\" height=\"294\" \/><\/p>\n<p style=\"text-align: justify;\"><strong>Particulares:<\/strong>\u00a0Construidas y administradas por personas naturales o jur\u00eddicas de derecho privado. Como se evidencia en la tabla 22, la parroquia Cruzpamba tiene 6 instituciones educativas, todas con sostenimiento fiscal, la instituci\u00f3n educativa con mayor n\u00famero de alumnos es el Colegio de Bachillerato Procer Jos\u00e9 Picoita el que posee 180 alumnos que representa el 55% de la poblaci\u00f3n educativa de la parroquia Cruzpamba.<\/p>\n<p style=\"text-align: justify;\"><img loading=\"lazy\" decoding=\"async\" class=\"aligncenter wp-image-2104 size-full\" src=\"..\/wp-content\/uploads\/2024\/03\/cruz-12.jpg\" sizes=\"auto, (max-width: 648px) 100vw, 648px\" srcset=\"https:\/\/gadcruzpamba.gob.ec\/wp-content\/uploads\/2024\/03\/cruz-12.jpg 648w, https:\/\/gadcruzpamba.gob.ec\/wp-content\/uploads\/2024\/03\/cruz-12-300x113.jpg 300w, https:\/\/gadcruzpamba.gob.ec\/wp-content\/uploads\/2024\/03\/cruz-12-350x132.jpg 350w\" alt=\"\" width=\"648\" height=\"245\" \/><\/p>\n<p style=\"text-align: justify;\">En la parroquia de Cruzpamba existen 6 establecimientos educativos de los cuales 5 son de educaci\u00f3n b\u00e1sica y 1 de educaci\u00f3n b\u00e1sica y bachillerato, la mayor parte de los establecimientos educativos se encuentran concentrados en la cabecera parroquial de Cruzpamba.<\/p>\n<p style=\"text-align: justify;\"><img loading=\"lazy\" decoding=\"async\" class=\"aligncenter wp-image-2105 size-full\" src=\"..\/wp-content\/uploads\/2024\/03\/cruz-13.jpg\" sizes=\"auto, (max-width: 477px) 100vw, 477px\" srcset=\"https:\/\/gadcruzpamba.gob.ec\/wp-content\/uploads\/2024\/03\/cruz-13.jpg 477w, https:\/\/gadcruzpamba.gob.ec\/wp-content\/uploads\/2024\/03\/cruz-13-300x208.jpg 300w, https:\/\/gadcruzpamba.gob.ec\/wp-content\/uploads\/2024\/03\/cruz-13-350x242.jpg 350w\" alt=\"\" width=\"477\" height=\"330\" \/><\/p>\n<p style=\"text-align: justify;\"><img loading=\"lazy\" decoding=\"async\" class=\"aligncenter wp-image-2106 size-full\" src=\"..\/wp-content\/uploads\/2024\/03\/cruz-14.jpg\" sizes=\"auto, (max-width: 649px) 100vw, 649px\" srcset=\"https:\/\/gadcruzpamba.gob.ec\/wp-content\/uploads\/2024\/03\/cruz-14.jpg 649w, https:\/\/gadcruzpamba.gob.ec\/wp-content\/uploads\/2024\/03\/cruz-14-300x135.jpg 300w, https:\/\/gadcruzpamba.gob.ec\/wp-content\/uploads\/2024\/03\/cruz-14-350x157.jpg 350w\" alt=\"\" width=\"649\" height=\"291\" \/><\/p>\n<p style=\"text-align: justify;\"><strong>Vivienda<\/strong><\/p>\n<p style=\"text-align: justify;\">La vivienda es la entidad facilitadora del cumplimiento de un conjunto de funciones espec\u00edficas para el individuo y\/o la familia, es por eso necesario su an\u00e1lisis, para alcanzar una vida digna que debe llegar a todos en condiciones de igualdad, especialmente para las personas m\u00e1s pobres.<\/p>\n<p style=\"text-align: justify;\"><img loading=\"lazy\" decoding=\"async\" class=\"aligncenter wp-image-2107 size-full\" src=\"..\/wp-content\/uploads\/2024\/03\/cruz-15.jpg\" sizes=\"auto, (max-width: 650px) 100vw, 650px\" srcset=\"https:\/\/gadcruzpamba.gob.ec\/wp-content\/uploads\/2024\/03\/cruz-15.jpg 650w, https:\/\/gadcruzpamba.gob.ec\/wp-content\/uploads\/2024\/03\/cruz-15-300x119.jpg 300w, https:\/\/gadcruzpamba.gob.ec\/wp-content\/uploads\/2024\/03\/cruz-15-350x139.jpg 350w\" alt=\"\" width=\"650\" height=\"258\" \/><\/p>\n<p style=\"text-align: justify;\">Es importante realizar el diagn\u00f3stico en cuanto a la tenencia de las viviendas en donde habitan las familias dentro de la parroquia que dar\u00e1 un dato importante sobre la accesibilidad de las personas a tener una vivienda propia. El porcentaje de viviendas propias es mayoritario en la parroquia Cruzpamba con un 85%, el barrio que presenta el mayor n\u00famero de viviendas propias es Zapallal con un porcentaje del 95%, seguido por Patuco con un 84%, Faique con un porcentaje del 83%, Guineo con un porcentaje del 81% y Cruzpamba con un porcentaje del 79%, siendo la cabecera parroquia la que presenta menor n\u00famero de viviendas propias. Las viviendas arrendadas representan el 10% de la tenencia de la vivienda, mientras que las viviendas heredadas representan el 3%, las viviendas obtenidas por otras circunstancias representan el 1% que es un porcentaje sumamente bajo, como es evidente en la Parroquia Cruzpamba la mayor\u00eda de familias cuentan con viviendas propias.<\/p>\n<p style=\"text-align: justify;\"><img loading=\"lazy\" decoding=\"async\" class=\"aligncenter wp-image-2108 size-full\" src=\"..\/wp-content\/uploads\/2024\/03\/cruz-16.jpg\" sizes=\"auto, (max-width: 649px) 100vw, 649px\" srcset=\"https:\/\/gadcruzpamba.gob.ec\/wp-content\/uploads\/2024\/03\/cruz-16.jpg 649w, https:\/\/gadcruzpamba.gob.ec\/wp-content\/uploads\/2024\/03\/cruz-16-300x110.jpg 300w, https:\/\/gadcruzpamba.gob.ec\/wp-content\/uploads\/2024\/03\/cruz-16-350x128.jpg 350w\" alt=\"\" width=\"649\" height=\"237\" \/><\/p>\n<p style=\"text-align: justify;\"><img loading=\"lazy\" decoding=\"async\" class=\"aligncenter wp-image-2109 size-full\" src=\"..\/wp-content\/uploads\/2024\/03\/cruz-17.jpg\" sizes=\"auto, (max-width: 649px) 100vw, 649px\" srcset=\"https:\/\/gadcruzpamba.gob.ec\/wp-content\/uploads\/2024\/03\/cruz-17.jpg 649w, https:\/\/gadcruzpamba.gob.ec\/wp-content\/uploads\/2024\/03\/cruz-17-300x135.jpg 300w, https:\/\/gadcruzpamba.gob.ec\/wp-content\/uploads\/2024\/03\/cruz-17-350x157.jpg 350w\" alt=\"\" width=\"649\" height=\"292\" \/><\/p>\n<p style=\"text-align: justify;\">Las caracter\u00edsticas de la vivienda en la parroquia Cruzpamba en su mayor\u00eda son construcciones elaboradas en hormig\u00f3n armado, mamposter\u00eda de ladrillo, adobe, bahareque y muy poca madera. Por lo que se puede evidenciar que a\u00fan se conserva la parte arquitect\u00f3nica tradicional d\u00e1ndole un valor colonial, lo cual es una fortaleza en la localidad.<\/p>\n<p style=\"text-align: justify;\">El material m\u00e1s utilizado para la construcci\u00f3n de las viviendas en la parroquia Cruzpamba es el hormig\u00f3n \u2013 y mamposter\u00eda de ladrillo con un porcentaje del 59%, las construcciones mixtas tienen un porcentaje del 17%, las construcciones de adobe representan el 15%, las construcciones de bahareque tienen un porcentaje del 5% y las construcciones de madera representan el 4% de las viviendas de la parroquia.<\/p>\n<p style=\"text-align: justify;\"><img loading=\"lazy\" decoding=\"async\" class=\"aligncenter wp-image-2113 size-full\" src=\"..\/wp-content\/uploads\/2024\/03\/cruz-18.jpg\" sizes=\"auto, (max-width: 648px) 100vw, 648px\" srcset=\"https:\/\/gadcruzpamba.gob.ec\/wp-content\/uploads\/2024\/03\/cruz-18.jpg 648w, https:\/\/gadcruzpamba.gob.ec\/wp-content\/uploads\/2024\/03\/cruz-18-300x115.jpg 300w, https:\/\/gadcruzpamba.gob.ec\/wp-content\/uploads\/2024\/03\/cruz-18-350x134.jpg 350w\" alt=\"\" width=\"648\" height=\"248\" \/><\/p>\n<p style=\"text-align: justify;\"><img loading=\"lazy\" decoding=\"async\" class=\"aligncenter wp-image-2114 size-full\" src=\"..\/wp-content\/uploads\/2024\/03\/cruz-19.jpg\" sizes=\"auto, (max-width: 649px) 100vw, 649px\" srcset=\"https:\/\/gadcruzpamba.gob.ec\/wp-content\/uploads\/2024\/03\/cruz-19.jpg 649w, https:\/\/gadcruzpamba.gob.ec\/wp-content\/uploads\/2024\/03\/cruz-19-300x135.jpg 300w, https:\/\/gadcruzpamba.gob.ec\/wp-content\/uploads\/2024\/03\/cruz-19-350x157.jpg 350w\" alt=\"\" width=\"649\" height=\"292\" \/><\/p>\n","protected":false},"excerpt":{"rendered":"<p>Salud El Gobierno Nacional como pol\u00edtica de Estado ha establecido la organizaci\u00f3n geogr\u00e1fica de la red p\u00fablica de servicios de salud en zonas, distritos y circuitos para promover la desconcentraci\u00f3n del Estado. Se mantienen las direcciones provinciales de salud que son las representes de la autoridad sanitaria nacional en la provincia, implementan la pol\u00edtica, planifican,&hellip;<\/p>\n","protected":false},"author":6,"featured_media":0,"parent":0,"menu_order":0,"comment_status":"closed","ping_status":"closed","template":"","meta":{"_joinchat":[]},"class_list":["post-1531","page","type-page","status-publish","hentry","description-off"],"_links":{"self":[{"href":"https:\/\/gadcruzpamba.gob.ec\/index.php?rest_route=\/wp\/v2\/pages\/1531","targetHints":{"allow":["GET"]}}],"collection":[{"href":"https:\/\/gadcruzpamba.gob.ec\/index.php?rest_route=\/wp\/v2\/pages"}],"about":[{"href":"https:\/\/gadcruzpamba.gob.ec\/index.php?rest_route=\/wp\/v2\/types\/page"}],"author":[{"embeddable":true,"href":"https:\/\/gadcruzpamba.gob.ec\/index.php?rest_route=\/wp\/v2\/users\/6"}],"replies":[{"embeddable":true,"href":"https:\/\/gadcruzpamba.gob.ec\/index.php?rest_route=%2Fwp%2Fv2%2Fcomments&post=1531"}],"version-history":[{"count":1,"href":"https:\/\/gadcruzpamba.gob.ec\/index.php?rest_route=\/wp\/v2\/pages\/1531\/revisions"}],"predecessor-version":[{"id":1532,"href":"https:\/\/gadcruzpamba.gob.ec\/index.php?rest_route=\/wp\/v2\/pages\/1531\/revisions\/1532"}],"wp:attachment":[{"href":"https:\/\/gadcruzpamba.gob.ec\/index.php?rest_route=%2Fwp%2Fv2%2Fmedia&parent=1531"}],"curies":[{"name":"wp","href":"https:\/\/api.w.org\/{rel}","templated":true}]}}